{"id":6713,"date":"2026-05-04T16:12:56","date_gmt":"2026-05-04T20:12:56","guid":{"rendered":"https:\/\/digittrailbuilders.org\/support\/"},"modified":"2026-05-04T18:55:53","modified_gmt":"2026-05-04T22:55:53","slug":"support","status":"publish","type":"page","link":"https:\/\/digittrailbuilders.org\/fr\/support\/","title":{"rendered":"Support"},"content":{"rendered":"\t\t<div data-elementor-type=\"wp-page\" data-elementor-id=\"6713\" class=\"elementor elementor-6713 elementor-6645\" data-elementor-post-type=\"page\">\n\t\t\t\t<div class=\"elementor-element elementor-element-350572b2 e-flex e-con-boxed e-con e-parent\" data-id=\"350572b2\" data-element_type=\"container\" data-e-type=\"container\" data-settings=\"{&quot;background_background&quot;:&quot;classic&quot;,&quot;background_motion_fx_motion_fx_scrolling&quot;:&quot;yes&quot;,&quot;background_motion_fx_devices&quot;:[&quot;desktop&quot;,&quot;tablet&quot;,&quot;mobile&quot;]}\">\n\t\t\t\t\t<div class=\"e-con-inner\">\n\t\t\t\t<div class=\"elementor-element elementor-element-72a9a7a7 elementor-widget elementor-widget-heading\" data-id=\"72a9a7a7\" data-element_type=\"widget\" data-e-type=\"widget\" data-widget_type=\"heading.default\">\n\t\t\t\t<div class=\"elementor-widget-container\">\n\t\t\t\t\t<h2 class=\"elementor-heading-title elementor-size-default\">Support<\/h2>\t\t\t\t<\/div>\n\t\t\t\t<\/div>\n\t\t\t\t\t<\/div>\n\t\t\t\t<\/div>\n\t\t<div class=\"elementor-element elementor-element-17b7fe5a e-flex e-con-boxed e-con e-parent\" data-id=\"17b7fe5a\" data-element_type=\"container\" data-e-type=\"container\" data-settings=\"{&quot;background_background&quot;:&quot;classic&quot;}\">\n\t\t\t\t\t<div class=\"e-con-inner\">\n\t\t<div class=\"elementor-element elementor-element-5dd7563 e-con-full e-flex e-con e-child\" data-id=\"5dd7563\" data-element_type=\"container\" data-e-type=\"container\">\n\t\t<div class=\"elementor-element elementor-element-aa4faad e-con-full e-flex e-con e-child\" data-id=\"aa4faad\" data-element_type=\"container\" data-e-type=\"container\">\n\t\t\t\t<div class=\"elementor-element elementor-element-d3a8c09 elementor-widget elementor-widget-heading\" data-id=\"d3a8c09\" data-element_type=\"widget\" data-e-type=\"widget\" data-widget_type=\"heading.default\">\n\t\t\t\t<div class=\"elementor-widget-container\">\n\t\t\t\t\t<h2 class=\"elementor-heading-title elementor-size-default\">Besoin d'aide avec DIG !T ?<\/h2>\t\t\t\t<\/div>\n\t\t\t\t<\/div>\n\t\t\t\t<div class=\"elementor-element elementor-element-9e65cc0 elementor-widget elementor-widget-text-editor\" data-id=\"9e65cc0\" data-element_type=\"widget\" data-e-type=\"widget\" data-widget_type=\"text-editor.default\">\n\t\t\t\t<div class=\"elementor-widget-container\">\n\t\t\t\t\t\t\t\t\t<h4>Appuy\u00e9 par notre exp\u00e9rience, DIG !T a pour mission de soutenir les acteurs qui sont derri\u00e8re les sentiers: les associations locales et leurs b\u00e9n\u00e9voles qui \u0153uvrent sur le terrain et forme notre grande communaut\u00e9.<\/h4><h4><span style=\"color: inherit; font-size: 1.25rem; font-weight: 500;\">Pour toute assistance, question ou aide concernant votre compte, contactez-nous \u00e0 l&rsquo;adresse suivante : <\/span><a style=\"font-size: 1.25rem; font-weight: 500; background-color: #cfcdc0;\" href=\"mailto:support@digittrailbuilders.org\">support@digittrailbuilders.org<\/a><span style=\"color: inherit; font-size: 1.25rem; font-weight: 500;\">. Nous r\u00e9pondons g\u00e9n\u00e9ralement dans les 24 \u00e0 48 heures ; nous sommes parfois occup\u00e9s \u00e0 chercher l&rsquo;insaisissable F\u00e9e des bois&#8230;<\/span><\/h4><h5>Veuillez inclure:<\/h5><ul><li>Votre nom<\/li><li>Votre courriel DIG !T<\/li><li>Nom de votre organisation locale\u00a0<\/li><li>Une br\u00e8ve description du probl\u00e8me et des captures d&rsquo;\u00e9cran, si cela peut aider<\/li><\/ul><h5>On peut vous aider avec:<\/h5><ul><li><span style=\"font-family: -apple-system, BlinkMacSystemFont, 'Segoe UI', Roboto, 'Helvetica Neue', Arial, 'Noto Sans', sans-serif, 'Apple Color Emoji', 'Segoe UI Emoji', 'Segoe UI Symbol', 'Noto Color Emoji';\">Cr\u00e9er ou \u00e9diter votre profil DIG !T<\/span><\/li><li><span style=\"font-family: -apple-system, BlinkMacSystemFont, 'Segoe UI', Roboto, 'Helvetica Neue', Arial, 'Noto Sans', sans-serif, 'Apple Color Emoji', 'Segoe UI Emoji', 'Segoe UI Symbol', 'Noto Color Emoji';\">Ouvrir un Chapitre<\/span><\/li><li><span style=\"font-family: -apple-system, BlinkMacSystemFont, 'Segoe UI', Roboto, 'Helvetica Neue', Arial, 'Noto Sans', sans-serif, 'Apple Color Emoji', 'Segoe UI Emoji', 'Segoe UI Symbol', 'Noto Color Emoji';\">Joindre un Chapitre existant<\/span><\/li><li>Trouver ou s&rsquo;inscrire \u00e0 des \u00e9v\u00e9nements<\/li><li>Enregistrer des heures b\u00e9n\u00e9voles<\/li><li><span style=\"font-family: -apple-system, BlinkMacSystemFont, 'Segoe UI', Roboto, 'Helvetica Neue', Arial, 'Noto Sans', sans-serif, 'Apple Color Emoji', 'Segoe UI Emoji', 'Segoe UI Symbol', 'Noto Color Emoji';\">Cr\u00e9er ou approuver des T\u00e2ches de travail effectu\u00e9es<\/span><\/li><li>Carte \u00a0\u00bbWallet\u00a0\u00bb \/ ou probl\u00e8me de code QR<\/li><li>Badges, accomplissements et r\u00e9compenses<\/li><li>Notifications (push ou courriel)<\/li><li>Probl\u00e8me d&rsquo;acc\u00e8s au compte<\/li><\/ul><p>\u00a0<\/p><p class=\"p1\">Si vous \u00eates \u00e0 la t\u00eate d&rsquo;un Chapitre DIG !T ou si vous organisez des \u00e9v\u00e9nements gr\u00e2ce \u00e0 votre statut de Leaders, contactez-nous pour obtenir de l&rsquo;aide concernant la mise en place, la r\u00e9partition des r\u00f4les au sein de l&rsquo;\u00e9quipe, la gestion des \u00e9v\u00e9nements, le suivi des b\u00e9n\u00e9voles et la configuration du programme de r\u00e9compenses.<\/p>\t\t\t\t\t\t\t\t<\/div>\n\t\t\t\t<\/div>\n\t\t\t\t<\/div>\n\t\t\t\t<div class=\"elementor-element elementor-element-486236a elementor-widget elementor-widget-heading\" data-id=\"486236a\" data-element_type=\"widget\" data-e-type=\"widget\" data-widget_type=\"heading.default\">\n\t\t\t\t<div class=\"elementor-widget-container\">\n\t\t\t\t\t<h2 class=\"elementor-heading-title elementor-size-default\">DIG !T supporte les Builders b\u00e9n\u00e9voles<\/h2>\t\t\t\t<\/div>\n\t\t\t\t<\/div>\n\t\t\t\t<div class=\"elementor-element elementor-element-4d49552 elementor-widget elementor-widget-spacer\" data-id=\"4d49552\" data-element_type=\"widget\" data-e-type=\"widget\" data-widget_type=\"spacer.default\">\n\t\t\t\t<div class=\"elementor-widget-container\">\n\t\t\t\t\t\t\t<div class=\"elementor-spacer\">\n\t\t\t<div class=\"elementor-spacer-inner\"><\/div>\n\t\t<\/div>\n\t\t\t\t\t\t<\/div>\n\t\t\t\t<\/div>\n\t\t\t\t<\/div>\n\t\t\t\t\t<\/div>\n\t\t\t\t<\/div>\n\t\t\t\t<\/div>\n\t\t","protected":false},"excerpt":{"rendered":"<p>Need help with DIG !T? We\u2019re here to help you get back to building more trails!<\/p>\n","protected":false},"author":4,"featured_media":6599,"parent":0,"menu_order":0,"comment_status":"closed","ping_status":"closed","template":"elementor_header_footer","meta":{"_acf_changed":false,"footnotes":""},"class_list":["post-6713","page","type-page","status-publish","has-post-thumbnail","hentry"],"acf":[],"yoast_head":"<!-- This site is optimized with the Yoast SEO plugin v27.5 - https:\/\/yoast.com\/product\/yoast-seo-wordpress\/ -->\n<title>Support | DIG !T<\/title>\n<meta name=\"robots\" content=\"index, follow, max-snippet:-1, max-image-preview:large, max-video-preview:-1\" \/>\n<link rel=\"canonical\" href=\"https:\/\/digittrailbuilders.org\/fr\/support\/\" \/>\n<meta property=\"og:locale\" content=\"fr_FR\" \/>\n<meta property=\"og:type\" content=\"article\" \/>\n<meta property=\"og:title\" content=\"Support | DIG !T\" \/>\n<meta property=\"og:description\" content=\"Need help with DIG !T? We\u2019re here to help you get back to building more trails!\" \/>\n<meta property=\"og:url\" content=\"https:\/\/digittrailbuilders.org\/fr\/support\/\" \/>\n<meta property=\"og:site_name\" content=\"DIG !T\" \/>\n<meta property=\"article:modified_time\" content=\"2026-05-04T22:55:53+00:00\" \/>\n<meta property=\"og:image\" content=\"https:\/\/digittrailbuilders.org\/wp-content\/uploads\/2026\/03\/D-1a.png\" \/>\n\t<meta property=\"og:image:width\" content=\"300\" \/>\n\t<meta property=\"og:image:height\" content=\"313\" \/>\n\t<meta property=\"og:image:type\" content=\"image\/png\" \/>\n<meta name=\"twitter:card\" content=\"summary_large_image\" \/>\n<meta name=\"twitter:label1\" content=\"Dur\u00e9e de lecture estim\u00e9e\" \/>\n\t<meta name=\"twitter:data1\" content=\"2 minutes\" \/>\n<script type=\"application\/ld+json\" class=\"yoast-schema-graph\">{\"@context\":\"https:\\\/\\\/schema.org\",\"@graph\":[{\"@type\":\"WebPage\",\"@id\":\"https:\\\/\\\/digittrailbuilders.org\\\/fr\\\/support\\\/\",\"url\":\"https:\\\/\\\/digittrailbuilders.org\\\/fr\\\/support\\\/\",\"name\":\"Support | DIG !T\",\"isPartOf\":{\"@id\":\"https:\\\/\\\/newdigit.wph-sevenheaven.codepublish.ca\\\/#website\"},\"primaryImageOfPage\":{\"@id\":\"https:\\\/\\\/digittrailbuilders.org\\\/fr\\\/support\\\/#primaryimage\"},\"image\":{\"@id\":\"https:\\\/\\\/digittrailbuilders.org\\\/fr\\\/support\\\/#primaryimage\"},\"thumbnailUrl\":\"https:\\\/\\\/digittrailbuilders.org\\\/wp-content\\\/uploads\\\/2026\\\/03\\\/D-1a.png\",\"datePublished\":\"2026-05-04T20:12:56+00:00\",\"dateModified\":\"2026-05-04T22:55:53+00:00\",\"breadcrumb\":{\"@id\":\"https:\\\/\\\/digittrailbuilders.org\\\/fr\\\/support\\\/#breadcrumb\"},\"inLanguage\":\"fr-FR\",\"potentialAction\":[{\"@type\":\"ReadAction\",\"target\":[\"https:\\\/\\\/digittrailbuilders.org\\\/fr\\\/support\\\/\"]}]},{\"@type\":\"ImageObject\",\"inLanguage\":\"fr-FR\",\"@id\":\"https:\\\/\\\/digittrailbuilders.org\\\/fr\\\/support\\\/#primaryimage\",\"url\":\"https:\\\/\\\/digittrailbuilders.org\\\/wp-content\\\/uploads\\\/2026\\\/03\\\/D-1a.png\",\"contentUrl\":\"https:\\\/\\\/digittrailbuilders.org\\\/wp-content\\\/uploads\\\/2026\\\/03\\\/D-1a.png\",\"width\":300,\"height\":313},{\"@type\":\"BreadcrumbList\",\"@id\":\"https:\\\/\\\/digittrailbuilders.org\\\/fr\\\/support\\\/#breadcrumb\",\"itemListElement\":[{\"@type\":\"ListItem\",\"position\":1,\"name\":\"Home\",\"item\":\"https:\\\/\\\/digittrailbuilders.org\\\/fr\\\/\"},{\"@type\":\"ListItem\",\"position\":2,\"name\":\"Support\"}]},{\"@type\":\"WebSite\",\"@id\":\"https:\\\/\\\/newdigit.wph-sevenheaven.codepublish.ca\\\/#website\",\"url\":\"https:\\\/\\\/newdigit.wph-sevenheaven.codepublish.ca\\\/\",\"name\":\"DIG !T\",\"description\":\"Build Trails. Build Communities. Make an Impact.\",\"publisher\":{\"@id\":\"https:\\\/\\\/newdigit.wph-sevenheaven.codepublish.ca\\\/#organization\"},\"alternateName\":\"Pixel Trail | Trail Management Applications\",\"potentialAction\":[{\"@type\":\"SearchAction\",\"target\":{\"@type\":\"EntryPoint\",\"urlTemplate\":\"https:\\\/\\\/newdigit.wph-sevenheaven.codepublish.ca\\\/?s={search_term_string}\"},\"query-input\":{\"@type\":\"PropertyValueSpecification\",\"valueRequired\":true,\"valueName\":\"search_term_string\"}}],\"inLanguage\":\"fr-FR\"},{\"@type\":\"Organization\",\"@id\":\"https:\\\/\\\/newdigit.wph-sevenheaven.codepublish.ca\\\/#organization\",\"name\":\"Pixel Trail inc.\",\"url\":\"https:\\\/\\\/newdigit.wph-sevenheaven.codepublish.ca\\\/\",\"logo\":{\"@type\":\"ImageObject\",\"inLanguage\":\"fr-FR\",\"@id\":\"https:\\\/\\\/newdigit.wph-sevenheaven.codepublish.ca\\\/#\\\/schema\\\/logo\\\/image\\\/\",\"url\":\"https:\\\/\\\/digittrailbuilders.org\\\/wp-content\\\/uploads\\\/2024\\\/10\\\/cropped-cropped-DigT_Square_Green.png\",\"contentUrl\":\"https:\\\/\\\/digittrailbuilders.org\\\/wp-content\\\/uploads\\\/2024\\\/10\\\/cropped-cropped-DigT_Square_Green.png\",\"width\":512,\"height\":512,\"caption\":\"Pixel Trail inc.\"},\"image\":{\"@id\":\"https:\\\/\\\/newdigit.wph-sevenheaven.codepublish.ca\\\/#\\\/schema\\\/logo\\\/image\\\/\"}}]}<\/script>\n<!-- \/ Yoast SEO plugin. -->","yoast_head_json":{"title":"Support | DIG !T","robots":{"index":"index","follow":"follow","max-snippet":"max-snippet:-1","max-image-preview":"max-image-preview:large","max-video-preview":"max-video-preview:-1"},"canonical":"https:\/\/digittrailbuilders.org\/fr\/support\/","og_locale":"fr_FR","og_type":"article","og_title":"Support | DIG !T","og_description":"Need help with DIG !T? We\u2019re here to help you get back to building more trails!","og_url":"https:\/\/digittrailbuilders.org\/fr\/support\/","og_site_name":"DIG !T","article_modified_time":"2026-05-04T22:55:53+00:00","og_image":[{"width":300,"height":313,"url":"https:\/\/digittrailbuilders.org\/wp-content\/uploads\/2026\/03\/D-1a.png","type":"image\/png"}],"twitter_card":"summary_large_image","twitter_misc":{"Dur\u00e9e de lecture estim\u00e9e":"2 minutes"},"schema":{"@context":"https:\/\/schema.org","@graph":[{"@type":"WebPage","@id":"https:\/\/digittrailbuilders.org\/fr\/support\/","url":"https:\/\/digittrailbuilders.org\/fr\/support\/","name":"Support | DIG !T","isPartOf":{"@id":"https:\/\/newdigit.wph-sevenheaven.codepublish.ca\/#website"},"primaryImageOfPage":{"@id":"https:\/\/digittrailbuilders.org\/fr\/support\/#primaryimage"},"image":{"@id":"https:\/\/digittrailbuilders.org\/fr\/support\/#primaryimage"},"thumbnailUrl":"https:\/\/digittrailbuilders.org\/wp-content\/uploads\/2026\/03\/D-1a.png","datePublished":"2026-05-04T20:12:56+00:00","dateModified":"2026-05-04T22:55:53+00:00","breadcrumb":{"@id":"https:\/\/digittrailbuilders.org\/fr\/support\/#breadcrumb"},"inLanguage":"fr-FR","potentialAction":[{"@type":"ReadAction","target":["https:\/\/digittrailbuilders.org\/fr\/support\/"]}]},{"@type":"ImageObject","inLanguage":"fr-FR","@id":"https:\/\/digittrailbuilders.org\/fr\/support\/#primaryimage","url":"https:\/\/digittrailbuilders.org\/wp-content\/uploads\/2026\/03\/D-1a.png","contentUrl":"https:\/\/digittrailbuilders.org\/wp-content\/uploads\/2026\/03\/D-1a.png","width":300,"height":313},{"@type":"BreadcrumbList","@id":"https:\/\/digittrailbuilders.org\/fr\/support\/#breadcrumb","itemListElement":[{"@type":"ListItem","position":1,"name":"Home","item":"https:\/\/digittrailbuilders.org\/fr\/"},{"@type":"ListItem","position":2,"name":"Support"}]},{"@type":"WebSite","@id":"https:\/\/newdigit.wph-sevenheaven.codepublish.ca\/#website","url":"https:\/\/newdigit.wph-sevenheaven.codepublish.ca\/","name":"DIG !T","description":"Build Trails. Build Communities. Make an Impact.","publisher":{"@id":"https:\/\/newdigit.wph-sevenheaven.codepublish.ca\/#organization"},"alternateName":"Pixel Trail | Trail Management Applications","potentialAction":[{"@type":"SearchAction","target":{"@type":"EntryPoint","urlTemplate":"https:\/\/newdigit.wph-sevenheaven.codepublish.ca\/?s={search_term_string}"},"query-input":{"@type":"PropertyValueSpecification","valueRequired":true,"valueName":"search_term_string"}}],"inLanguage":"fr-FR"},{"@type":"Organization","@id":"https:\/\/newdigit.wph-sevenheaven.codepublish.ca\/#organization","name":"Pixel Trail inc.","url":"https:\/\/newdigit.wph-sevenheaven.codepublish.ca\/","logo":{"@type":"ImageObject","inLanguage":"fr-FR","@id":"https:\/\/newdigit.wph-sevenheaven.codepublish.ca\/#\/schema\/logo\/image\/","url":"https:\/\/digittrailbuilders.org\/wp-content\/uploads\/2024\/10\/cropped-cropped-DigT_Square_Green.png","contentUrl":"https:\/\/digittrailbuilders.org\/wp-content\/uploads\/2024\/10\/cropped-cropped-DigT_Square_Green.png","width":512,"height":512,"caption":"Pixel Trail inc."},"image":{"@id":"https:\/\/newdigit.wph-sevenheaven.codepublish.ca\/#\/schema\/logo\/image\/"}}]}},"_links":{"self":[{"href":"https:\/\/digittrailbuilders.org\/fr\/wp-json\/wp\/v2\/pages\/6713","targetHints":{"allow":["GET"]}}],"collection":[{"href":"https:\/\/digittrailbuilders.org\/fr\/wp-json\/wp\/v2\/pages"}],"about":[{"href":"https:\/\/digittrailbuilders.org\/fr\/wp-json\/wp\/v2\/types\/page"}],"author":[{"embeddable":true,"href":"https:\/\/digittrailbuilders.org\/fr\/wp-json\/wp\/v2\/users\/4"}],"replies":[{"embeddable":true,"href":"https:\/\/digittrailbuilders.org\/fr\/wp-json\/wp\/v2\/comments?post=6713"}],"version-history":[{"count":3,"href":"https:\/\/digittrailbuilders.org\/fr\/wp-json\/wp\/v2\/pages\/6713\/revisions"}],"predecessor-version":[{"id":6717,"href":"https:\/\/digittrailbuilders.org\/fr\/wp-json\/wp\/v2\/pages\/6713\/revisions\/6717"}],"wp:featuredmedia":[{"embeddable":true,"href":"https:\/\/digittrailbuilders.org\/fr\/wp-json\/wp\/v2\/media\/6599"}],"wp:attachment":[{"href":"https:\/\/digittrailbuilders.org\/fr\/wp-json\/wp\/v2\/media?parent=6713"}],"curies":[{"name":"wp","href":"https:\/\/api.w.org\/{rel}","templated":true}]}}